{"id":70,"date":"2025-03-08T22:25:50","date_gmt":"2025-03-08T21:25:50","guid":{"rendered":"https:\/\/litchi-conseil.re\/?page_id=70"},"modified":"2025-03-10T08:52:51","modified_gmt":"2025-03-10T07:52:51","slug":"litchi-conseil","status":"publish","type":"page","link":"https:\/\/litchi-conseil.re\/","title":{"rendered":"La ma\u00eetrise d&rsquo;ouvrage des outre-mers"},"content":{"rendered":"\n<p>La soci\u00e9t\u00e9 Litchi Conseil s\u2019appuie \u00e0 la fois sur les expertises et retours d\u2019exp\u00e9riences acquis par les deux fondateurs en m\u00e9tropole, mais aussi et surtout sur les contextes tr\u00e8s sp\u00e9cifiques des positionnements des territoires d\u2019Outre-Mer, \u00ab<em>Fran\u00e7ais<\/em>\u00bb administrativement, \u00ab<em>Europ\u00e9ens<\/em>\u00bb, par extension, mais aussi et <strong>surtout et d\u2019abord<\/strong> :<\/p>\n\n\n\n<ul class=\"wp-block-list\">\n<li><strong>Tropicaux<\/strong>, et la prise en compte des incidence de cette particularit\u00e9 sur les sites d\u2019\u00e9tude (temp\u00e9rature\/hygrom\u00e9trie, confort d\u2019usage, \u00e9v\u00e8nements cycloniques, etc..)<\/li>\n\n\n\n<li><strong>Cr\u00e9oles<\/strong>, dans cette culture tr\u00e8s particuli\u00e8re, dans la relation cr\u00e9oles\/zoreil, dans la prise en compte de la culture et les usages locaux,<\/li>\n\n\n\n<li><strong>Insulaires<\/strong>, car ces iles, outre leurs rattachements \u00e0 la M\u00e9tropole, s\u2019int\u00e8grent dans des \u00e9cosyst\u00e8mes g\u00e9opolitique et \u00e9conomiques rattach\u00e9s \u00e0 leurs mers d\u2019implantation, l\u2019oc\u00e9an indien pour La R\u00e9union et Mayotte, les Antilles, les Cara\u00efbes et l\u2019Am\u00e9rique (Nord et Latine) pour la Martinique et la Guadeloupe.<\/li>\n<\/ul>\n\n\n\n<p>Cette particularit\u00e9 a fait qu\u2019il a sembl\u00e9 pertinent de cr\u00e9er une entit\u00e9 ind\u00e9pendante travaillant exclusivement sur ces contextes insulaires, \u0153uvrant <strong>pour<\/strong> et <strong>avec<\/strong> les Cr\u00e9oles. C\u2019est donc tout naturellement que Litchi Conseil s\u2019est implant\u00e9 au c\u0153ur de l\u2019Oc\u00e9an Indien, \u00e0 Saint-Denis de La R\u00e9union. La soci\u00e9t\u00e9 Litchi Conseil travail en partenariat avec des consultants ind\u00e9pendants locaux.<\/p>\n\n\n\n<p><strong>Litchi Conseil<\/strong> accompagne les porteurs de projets et les ma\u00eetres d\u2019ouvrages dans l\u2019am\u00e9nagement de leurs territoires. Le cabinet s\u2019appuie sur l\u2019expertise reconnue de ses associ\u00e9s, en mati\u00e8re d\u2019am\u00e9nagement du territoire et d\u2019\u00e9quipements structurants, portant sur 5 axes :<\/p>\n\n\n\n<ul class=\"wp-block-list\">\n<li>L\u2019Architecture, le Paysage et l\u2019Environnement,<\/li>\n\n\n\n<li>Les Equipements Touristiques &amp; Sportifs,<\/li>\n\n\n\n<li>Les Equipements Culturels &amp; Sociaux,<\/li>\n\n\n\n<li>L\u2019Organisation Urbaine, L\u2019urbanisme &amp; la Mobilit\u00e9, \u00a0<\/li>\n\n\n\n<li>Les Strat\u00e9gies de Territoires, Sociales, Politiques, Culturelles et Touristiques.<\/li>\n<\/ul>\n","protected":false},"excerpt":{"rendered":"<p>La soci\u00e9t\u00e9 Litchi Conseil s\u2019appuie \u00e0 la fois sur les expertises et retours d\u2019exp\u00e9riences acquis par les deux fondateurs en m\u00e9tropole, mais aussi et surtout sur les contextes tr\u00e8s sp\u00e9cifiques des positionnements des territoires d\u2019Outre-Mer, \u00abFran\u00e7ais\u00bb administrativement, \u00abEurop\u00e9ens\u00bb, par extension, mais aussi et surtout et d\u2019abord : Cette particularit\u00e9 a fait qu\u2019il a sembl\u00e9 pertinent &hellip; <\/p>\n<p class=\"link-more\"><a href=\"https:\/\/litchi-conseil.re\/\" class=\"more-link\">Continuer la lecture<span class=\"screen-reader-text\"> de &laquo;&nbsp;La ma\u00eetrise d&rsquo;ouvrage des outre-mers&nbsp;&raquo;<\/span><\/a><\/p>\n","protected":false},"author":1,"featured_media":0,"parent":0,"menu_order":0,"comment_status":"closed","ping_status":"closed","template":"","meta":{"footnotes":""},"class_list":["post-70","page","type-page","status-publish","hentry"],"_links":{"self":[{"href":"https:\/\/litchi-conseil.re\/index.php\/wp-json\/wp\/v2\/pages\/70","targetHints":{"allow":["GET"]}}],"collection":[{"href":"https:\/\/litchi-conseil.re\/index.php\/wp-json\/wp\/v2\/pages"}],"about":[{"href":"https:\/\/litchi-conseil.re\/index.php\/wp-json\/wp\/v2\/types\/page"}],"author":[{"embeddable":true,"href":"https:\/\/litchi-conseil.re\/index.php\/wp-json\/wp\/v2\/users\/1"}],"replies":[{"embeddable":true,"href":"https:\/\/litchi-conseil.re\/index.php\/wp-json\/wp\/v2\/comments?post=70"}],"version-history":[{"count":3,"href":"https:\/\/litchi-conseil.re\/index.php\/wp-json\/wp\/v2\/pages\/70\/revisions"}],"predecessor-version":[{"id":175,"href":"https:\/\/litchi-conseil.re\/index.php\/wp-json\/wp\/v2\/pages\/70\/revisions\/175"}],"wp:attachment":[{"href":"https:\/\/litchi-conseil.re\/index.php\/wp-json\/wp\/v2\/media?parent=70"}],"curies":[{"name":"wp","href":"https:\/\/api.w.org\/{rel}","templated":true}]}}